{"id":162,"date":"2015-03-26T08:42:17","date_gmt":"2015-03-26T08:42:17","guid":{"rendered":"http:\/\/localhost\/wordpress-4.1.1\/wordpress\/?page_id=162"},"modified":"2016-05-06T08:00:56","modified_gmt":"2016-05-06T08:00:56","slug":"inicio","status":"publish","type":"page","link":"https:\/\/rotuloslarrea.es\/","title":{"rendered":"Inicio"},"content":{"rendered":"<p>&nbsp;<\/p>\n<h1>\u00bfQUIENES SOMOS?<\/h1>\n<p>Somos una empresa fundada en 1977 en un peque\u00f1o local de la calle Perlora, en Gij\u00f3n.<br \/>\nGracias a nuestros 35 a\u00f1os de trayectoria profesional, somos capaces de realizar todo tipo de trabajos de rotulaci\u00f3n sobre un gran abanico de superficies.\u00a0Por lo que podemos ofrecer un tratamiento integral, de la imagen corporativa de su negocio, ya sea con un dise\u00f1o y proyecto nuestro, o ajeno.\u00a0Aplicando todo tipo de t\u00e9cnicas artesanales, digitales o una combinaci\u00f3n de las dos, ya sea con vinilos adhesivos o pinturas, seg\u00fan convenga en cada caso.<\/p>\n<div id=\"section-home\">\n<div id=\"section-home-inner\">\n<article class=\"section1 one_third\">\n<div class=\"section\">\n<div class=\"entry-header\">\n<p><img loading=\"lazy\" decoding=\"async\" class=\"aligncenter size-medium wp-image-219\" src=\"https:\/\/rotuloslarrea.es\/wp-content\/uploads\/2015\/03\/311-300x200.jpg\" alt=\"3\" width=\"300\" height=\"200\" srcset=\"https:\/\/rotuloslarrea.es\/wp-content\/uploads\/2015\/03\/311-300x200.jpg 300w, https:\/\/rotuloslarrea.es\/wp-content\/uploads\/2015\/03\/311-1024x683.jpg 1024w, https:\/\/rotuloslarrea.es\/wp-content\/uploads\/2015\/03\/311-960x640.jpg 960w, https:\/\/rotuloslarrea.es\/wp-content\/uploads\/2015\/03\/311-480x320.jpg 480w, https:\/\/rotuloslarrea.es\/wp-content\/uploads\/2015\/03\/311-320x213.jpg 320w, https:\/\/rotuloslarrea.es\/wp-content\/uploads\/2015\/03\/311-240x160.jpg 240w, https:\/\/rotuloslarrea.es\/wp-content\/uploads\/2015\/03\/311.jpg 1500w\" sizes=\"(max-width: 300px) 100vw, 300px\" \/><\/p>\n<\/div>\n<h2>Vidrieras<\/h2>\n<p>Trabajamos sobre cualquier tipo de vidrio e imitaci\u00f3n.<\/p>\n<div class=\"entry-content\"><\/div>\n<\/div>\n<\/article>\n<article class=\"section2 one_third\">\n<div class=\"section\">\n<div class=\"entry-header\">\n<p><img loading=\"lazy\" decoding=\"async\" class=\"aligncenter size-medium wp-image-133\" src=\"https:\/\/rotuloslarrea.es\/wp-content\/uploads\/2015\/03\/43-300x200.jpg\" alt=\"4\" width=\"300\" height=\"200\" srcset=\"https:\/\/rotuloslarrea.es\/wp-content\/uploads\/2015\/03\/43-300x200.jpg 300w, https:\/\/rotuloslarrea.es\/wp-content\/uploads\/2015\/03\/43-1024x683.jpg 1024w, https:\/\/rotuloslarrea.es\/wp-content\/uploads\/2015\/03\/43-960x640.jpg 960w, https:\/\/rotuloslarrea.es\/wp-content\/uploads\/2015\/03\/43-480x320.jpg 480w, https:\/\/rotuloslarrea.es\/wp-content\/uploads\/2015\/03\/43-320x213.jpg 320w, https:\/\/rotuloslarrea.es\/wp-content\/uploads\/2015\/03\/43-240x160.jpg 240w, https:\/\/rotuloslarrea.es\/wp-content\/uploads\/2015\/03\/43.jpg 1500w\" sizes=\"(max-width: 300px) 100vw, 300px\" \/><\/p>\n<\/div>\n<h2>Fachadas<\/h2>\n<p>Fachadas de todo tipo de tama\u00f1o y material.<\/p>\n<div class=\"entry-content\"><\/div>\n<\/div>\n<\/article>\n<article class=\"section2 one_third last\">\n<div class=\"section\">\n<div class=\"entry-header\">\n<p><img loading=\"lazy\" decoding=\"async\" class=\"aligncenter size-medium wp-image-234\" src=\"https:\/\/rotuloslarrea.es\/wp-content\/uploads\/2015\/03\/felpudo4-300x201.png\" alt=\"felpudo\" width=\"300\" height=\"201\" srcset=\"https:\/\/rotuloslarrea.es\/wp-content\/uploads\/2015\/03\/felpudo4-300x201.png 300w, https:\/\/rotuloslarrea.es\/wp-content\/uploads\/2015\/03\/felpudo4-1024x687.png 1024w, https:\/\/rotuloslarrea.es\/wp-content\/uploads\/2015\/03\/felpudo4-960x640.png 960w, https:\/\/rotuloslarrea.es\/wp-content\/uploads\/2015\/03\/felpudo4-480x320.png 480w, https:\/\/rotuloslarrea.es\/wp-content\/uploads\/2015\/03\/felpudo4-320x213.png 320w, https:\/\/rotuloslarrea.es\/wp-content\/uploads\/2015\/03\/felpudo4-240x160.png 240w, https:\/\/rotuloslarrea.es\/wp-content\/uploads\/2015\/03\/felpudo4.png 1399w\" sizes=\"(max-width: 300px) 100vw, 300px\" \/><\/p>\n<\/div>\n<h2>Telas<\/h2>\n<p>Todo tipo de telas y felpudos, para distintos usos.<\/p>\n<div class=\"entry-content\"><\/div>\n<\/div>\n<\/article>\n<div class=\"clearboth\"><\/div>\n<\/div>\n<\/div>\n","protected":false},"excerpt":{"rendered":"<p>&nbsp; \u00bfQUIENES SOMOS? Somos una empresa fundada en 1977 en un peque\u00f1o local de la calle Perlora, en Gij\u00f3n. Gracias a nuestros 35 a\u00f1os de trayectoria profesional, somos capaces de realizar todo tipo de trabajos de rotulaci\u00f3n sobre un gran abanico de superficies.\u00a0Por lo que podemos ofrecer un tratamiento integral, de la imagen corporativa de<\/p>\n<p><a href=\"https:\/\/rotuloslarrea.es\/\" class=\"more-link themebutton\">Read More<\/a><\/p>\n","protected":false},"author":1,"featured_media":0,"parent":0,"menu_order":0,"comment_status":"closed","ping_status":"open","template":"","meta":{"ngg_post_thumbnail":0,"footnotes":""},"_links":{"self":[{"href":"https:\/\/rotuloslarrea.es\/index.php?rest_route=\/wp\/v2\/pages\/162"}],"collection":[{"href":"https:\/\/rotuloslarrea.es\/index.php?rest_route=\/wp\/v2\/pages"}],"about":[{"href":"https:\/\/rotuloslarrea.es\/index.php?rest_route=\/wp\/v2\/types\/page"}],"author":[{"embeddable":true,"href":"https:\/\/rotuloslarrea.es\/index.php?rest_route=\/wp\/v2\/users\/1"}],"replies":[{"embeddable":true,"href":"https:\/\/rotuloslarrea.es\/index.php?rest_route=%2Fwp%2Fv2%2Fcomments&post=162"}],"version-history":[{"count":62,"href":"https:\/\/rotuloslarrea.es\/index.php?rest_route=\/wp\/v2\/pages\/162\/revisions"}],"predecessor-version":[{"id":389,"href":"https:\/\/rotuloslarrea.es\/index.php?rest_route=\/wp\/v2\/pages\/162\/revisions\/389"}],"wp:attachment":[{"href":"https:\/\/rotuloslarrea.es\/index.php?rest_route=%2Fwp%2Fv2%2Fmedia&parent=162"}],"curies":[{"name":"wp","href":"https:\/\/api.w.org\/{rel}","templated":true}]}}