{"id":205,"date":"2015-03-26T12:58:47","date_gmt":"2015-03-26T12:58:47","guid":{"rendered":"http:\/\/localhost\/wordpress-4.1.1\/wordpress\/?page_id=205"},"modified":"2015-04-09T08:39:35","modified_gmt":"2015-04-09T08:39:35","slug":"senaletica","status":"publish","type":"page","link":"https:\/\/rotuloslarrea.es\/?page_id=205","title":{"rendered":"Se\u00f1aletica"},"content":{"rendered":"<div aria-live=\"polite\" id=\"soliloquy-container-207\" class=\"soliloquy-container soliloquy-transition-fade  soliloquy-theme-base\" style=\"max-width:960px;max-height:300px;\"><ul id=\"soliloquy-207\" class=\"soliloquy-slider soliloquy-slides soliloquy-wrap soliloquy-clear\"><li aria-hidden=\"true\" class=\"soliloquy-item soliloquy-item-1 soliloquy-image-slide\" draggable=\"false\" style=\"list-style:none\"><img decoding=\"async\" id=\"soliloquy-image-293\" class=\"soliloquy-image soliloquy-image-1\" src=\"https:\/\/rotuloslarrea.es\/wp-content\/uploads\/2015\/03\/1t2-960x300_c.jpg\" alt=\"1t\" \/><\/li><li aria-hidden=\"true\" class=\"soliloquy-item soliloquy-item-2 soliloquy-image-slide\" draggable=\"false\" style=\"list-style:none\"><img decoding=\"async\" id=\"soliloquy-image-320\" class=\"soliloquy-image soliloquy-image-2\" src=\"https:\/\/rotuloslarrea.es\/wp-content\/uploads\/2015\/03\/3t2-960x300_c.jpg\" alt=\"3t\" \/><\/li><\/ul><\/div><noscript><style type=\"text\/css\">#soliloquy-container-207{opacity:1}<\/style><\/noscript>\n<p><\/br><\/p>\n<p>Desarrollamos se\u00f1al\u00e9tica para aeropuertos, f\u00e1bricas, hoteles, hospitales, parkings, etc&#8230; adem\u00e1s de se\u00f1al\u00e9tica horizontal para las calles, carreteras y autopistas. <\/p>\n<p>&nbsp;<\/p>\n","protected":false},"excerpt":{"rendered":"<p>Desarrollamos se\u00f1al\u00e9tica para aeropuertos, f\u00e1bricas, hoteles, hospitales, parkings, etc&#8230; adem\u00e1s de se\u00f1al\u00e9tica horizontal para las calles, carreteras y autopistas. &nbsp;<\/p>\n","protected":false},"author":1,"featured_media":0,"parent":0,"menu_order":0,"comment_status":"closed","ping_status":"closed","template":"","meta":{"ngg_post_thumbnail":0,"footnotes":""},"_links":{"self":[{"href":"https:\/\/rotuloslarrea.es\/index.php?rest_route=\/wp\/v2\/pages\/205"}],"collection":[{"href":"https:\/\/rotuloslarrea.es\/index.php?rest_route=\/wp\/v2\/pages"}],"about":[{"href":"https:\/\/rotuloslarrea.es\/index.php?rest_route=\/wp\/v2\/types\/page"}],"author":[{"embeddable":true,"href":"https:\/\/rotuloslarrea.es\/index.php?rest_route=\/wp\/v2\/users\/1"}],"replies":[{"embeddable":true,"href":"https:\/\/rotuloslarrea.es\/index.php?rest_route=%2Fwp%2Fv2%2Fcomments&post=205"}],"version-history":[{"count":5,"href":"https:\/\/rotuloslarrea.es\/index.php?rest_route=\/wp\/v2\/pages\/205\/revisions"}],"predecessor-version":[{"id":319,"href":"https:\/\/rotuloslarrea.es\/index.php?rest_route=\/wp\/v2\/pages\/205\/revisions\/319"}],"wp:attachment":[{"href":"https:\/\/rotuloslarrea.es\/index.php?rest_route=%2Fwp%2Fv2%2Fmedia&parent=205"}],"curies":[{"name":"wp","href":"https:\/\/api.w.org\/{rel}","templated":true}]}}