{"id":214,"date":"2015-03-27T08:52:48","date_gmt":"2015-03-27T08:52:48","guid":{"rendered":"http:\/\/localhost\/wordpress-4.1.1\/wordpress\/?page_id=214"},"modified":"2015-04-08T08:35:32","modified_gmt":"2015-04-08T08:35:32","slug":"aviso-legal","status":"publish","type":"page","link":"https:\/\/rotuloslarrea.es\/?page_id=214","title":{"rendered":"Aviso legal"},"content":{"rendered":"<h1>Aviso legal<\/h1>\n<p>Los servicios ofrecidos en el presente sitio web son de car\u00e1cter gratuito. Sin embargo, y para beneficio de todos los usuarios, es necesario establecer unas normas de utilizaci\u00f3n de dichos servicios y los recursos publicados.<\/p>\n<p>En esta p\u00e1gina:<\/p>\n<p>1. Documentos publicados<br \/>\n2. Respecto a los contenidos<br \/>\n3. Software publicado<br \/>\n4. Enlaces a p\u00e1ginas de terceros<br \/>\n5. Enlaces a ROTULOS LARREA<br \/>\n6. Del uso del Sitio y sus secciones<br \/>\n7. Continuidad del servicio<\/p>\n<h2>1. Documentos publicados<\/h2>\n<p>Excepto en los casos en que se indique lo contrario, los documentos de este sitio pueden ser visualizados, impresos, copiados y distribuidos libremente, siempre que se cumplan las siguientes condiciones:<br \/>\nEl documento puede utilizarse \u00fanicamente para prop\u00f3sitos informativos y personales, no comerciales.<br \/>\nTodas las copias del documento o parte de \u00e9l deben incluir las presentes condiciones de uso.<br \/>\nEl documento no puede ser modificado.<br \/>\nEn caso de que se quiera utilizar parte del documento, o modificarlo de alguna manera para su distribuci\u00f3n, debe solicitarse consentimiento expreso por parte de ROTULOS LARREA, e incluirse dicho consentimiento con cada copia.<br \/>\nROTULOS LARREA se reserva el derecho de cambiar estos t\u00e9rminos en cualquier momento, siempre publicando la versi\u00f3n vigente en esta p\u00e1gina.<br \/>\nLos documentos a los que se refieren estas condiciones no incluyen el dise\u00f1o de este sitio, que no puede ser imitado o reproducido en parte o en su totalidad. Tampoco se incluyen los logotipos o im\u00e1genes de este sitio, que pueden ser reproducidos o distribuidos s\u00f3lo con el permiso expreso de ROTULOS LARREA.<\/p>\n<h2>2. Respecto a los contenidos<\/h2>\n<p>Este sitio web podr\u00eda incluir imprecisiones t\u00e9cnicas, errores tipogr\u00e1ficos o de otro tipo. ROTULOS LARREA no se hace responsable de errores u omisiones en la informaci\u00f3n publicada, ni de la utilidad de esta informaci\u00f3n para un prop\u00f3sito concreto.<br \/>\nLa informaci\u00f3n, gr\u00e1fica o escrita, de este sitio est\u00e1 sometida a cambios sin previo aviso, as\u00ed como el dise\u00f1o, presentaci\u00f3n y\/o configuraci\u00f3n del sitio y sus secciones, incluyendo la posibilidad de a\u00f1adir nuevas secciones o eliminar algunas existentes. Estos cambios pueden ser por iniciativa de los colaboradores o propuestos por los visitantes a trav\u00e9s de la p\u00e1gina de Sugerencias.<br \/>\nROTULOS LARREA no se hace responsable asimismo de cualquier informaci\u00f3n u opini\u00f3n enviada por los usuarios de la misma en los foros, ni en ninguna otra secci\u00f3n que permita la participaci\u00f3n. Sin embargo, el webmaster del sitio podr\u00eda revisar, eliminar o corregir aquellas participaciones que se consideren inadecuadas.<\/p>\n<h2>3. Software publicado<\/h2>\n<p>El software publicado en este sitio ser\u00e1 siempre de uso gratuito (freeware) o de prueba (shareware), tanto si es producido por ROTULOS LARREA como en el caso de publicar software de terceros. En todo caso, el usuario es responsable de cumplir los t\u00e9rminos de la licencia y del uso que le de a dicho software.<br \/>\nEn ning\u00fan caso ROTULOS LARREA se hace responsable de ning\u00fan da\u00f1o resultante de la utilizaci\u00f3n de software descargado de este sitio, sea por un mal uso, por errores en el mismo, o por cualquier otro motivo.<\/p>\n<h2>4. Enlaces a p\u00e1ginas de terceros<\/h2>\n<p>En diversas secciones de este sitio aparecen enlaces a p\u00e1ginas web externas o a archivos ubicados en p\u00e1ginas web de terceros, que no est\u00e1n bajo control de ROTULOS LARREA.ROTULOS LARREA  no comercializa con la publicidad que se haga de p\u00e1ginas o productos de terceros, sino que en todo caso se hace de forma gratuita y seg\u00fan criterios puramente t\u00e9cnicos.<br \/>\nCuando el usuario sigue alg\u00fan enlace fuera de este sitio, lo hace bajo su propio riesgo. ROTULOS LARREA no asume ninguna responsabilidad por la informaci\u00f3n, opiniones, anuncios, software ni productos de ning\u00fan tipo que aparezcan en p\u00e1ginas de terceros enlazadas desde este sitio, ni de ning\u00fan cambio, actualizaci\u00f3n de tales p\u00e1ginas, o su disponibilidad.<\/p>\n<h2>5. Enlaces a ROTULOS LARREA<\/h2>\n<p>ROTULOS LARREA da su consentimiento para que cualquiera incluya en sus p\u00e1ginas enlaces a este sitio, siempre bajo las siguientes condiciones:<br \/>\nSe puede enlazar, pero no replicar, el contenido de este sitio.<br \/>\nNo se puede enmascarar dichos contenidos para ocultar su origen en este sitio.<br \/>\nNo pueden conducir a error respecto a la relaci\u00f3n existente entre ROTULOS LARREA y la p\u00e1gina que incluya el v\u00ednculo.<br \/>\nNo puede contener material que viole la ley en cualquier parte del mundo, ni que se pueda considerar obsceno, pornogr\u00e1fico o difamatorio.<br \/>\nDebe aceptar que el destino del enlace puede ser eliminado, modificado, y que ROTULOS LARREA se reserva el derecho de denegar el permiso para dicho enlace en cualquier momento.<\/p>\n<h2>6. Del uso del Sitio y sus secciones<\/h2>\n<p>El usuario se compromete a hacer un uso diligente del sitio y sus secciones, con total sujeci\u00f3n a la Ley, a las buenas costumbres y a las presentes condiciones de uso, as\u00ed como a guardar el respeto debido a los dem\u00e1s usuarios.<\/p>\n<h2>7. Continuidad del servicio<\/h2>\n<p>Los servicios ofrecidos en este sitio son, en cualquier caso, de car\u00e1cter gratuito.<br \/>\nROTULOS LARREA podr\u00e1 interrumpir el acceso as\u00ed como la disponibilidad de cualquiera o todas las secciones en cualquier momento y sin previo aviso, ya sea por motivos t\u00e9cnicos, de seguridad, de control, de mantenimiento, por fallos de suministro el\u00e9ctrico o por cualquier otra causa.<br \/>\nDicha interrupci\u00f3n podr\u00e1 ser temporal o definitiva, total o particular para un usuario concreto. En consecuencia, ROTULOS LARREA no garantiza la fiabilidad, la disponibilidad ni la continuidad del sitio, por lo que la utilizaci\u00f3n de los mismos por parte del usuario se lleva a cabo por su propia cuenta y riesgo, sin que, en ning\u00fan caso, pueda exigirse responsabilidades de ning\u00fan tipo a ROTULOS LARREA basada en las expectativas o en la utilidad de los servicios generadas por el usuario.<br \/>\nROTULOS LARREA podr\u00e1, en cualquier momento, modificar las presentes condiciones de uso, teniendo efecto siempre con la publicaci\u00f3n de las mismas en esta p\u00e1gina.<br \/>\nTodos los derechos no concedidos aqu\u00ed expresamente est\u00e1n reservados por ROTULOS LARREA. Para cualquier duda, consulta o sugerencia al respecto puede utilizar la p\u00e1gina de Sugerencias.<\/p>\n","protected":false},"excerpt":{"rendered":"<p>Aviso legal Los servicios ofrecidos en el presente sitio web son de car\u00e1cter gratuito. Sin embargo, y para beneficio de todos los usuarios, es necesario establecer unas normas de utilizaci\u00f3n de dichos servicios y los recursos publicados. En esta p\u00e1gina: 1. Documentos publicados 2. Respecto a los contenidos 3. Software publicado 4. Enlaces a p\u00e1ginas<\/p>\n<p><a href=\"https:\/\/rotuloslarrea.es\/?page_id=214\" class=\"more-link themebutton\">Read More<\/a><\/p>\n","protected":false},"author":1,"featured_media":0,"parent":0,"menu_order":0,"comment_status":"closed","ping_status":"closed","template":"","meta":{"ngg_post_thumbnail":0,"footnotes":""},"_links":{"self":[{"href":"https:\/\/rotuloslarrea.es\/index.php?rest_route=\/wp\/v2\/pages\/214"}],"collection":[{"href":"https:\/\/rotuloslarrea.es\/index.php?rest_route=\/wp\/v2\/pages"}],"about":[{"href":"https:\/\/rotuloslarrea.es\/index.php?rest_route=\/wp\/v2\/types\/page"}],"author":[{"embeddable":true,"href":"https:\/\/rotuloslarrea.es\/index.php?rest_route=\/wp\/v2\/users\/1"}],"replies":[{"embeddable":true,"href":"https:\/\/rotuloslarrea.es\/index.php?rest_route=%2Fwp%2Fv2%2Fcomments&post=214"}],"version-history":[{"count":1,"href":"https:\/\/rotuloslarrea.es\/index.php?rest_route=\/wp\/v2\/pages\/214\/revisions"}],"predecessor-version":[{"id":215,"href":"https:\/\/rotuloslarrea.es\/index.php?rest_route=\/wp\/v2\/pages\/214\/revisions\/215"}],"wp:attachment":[{"href":"https:\/\/rotuloslarrea.es\/index.php?rest_route=%2Fwp%2Fv2%2Fmedia&parent=214"}],"curies":[{"name":"wp","href":"https:\/\/api.w.org\/{rel}","templated":true}]}}