{"id":49,"date":"2015-03-23T12:41:58","date_gmt":"2015-03-23T12:41:58","guid":{"rendered":"http:\/\/localhost\/wordpress-4.1.1\/wordpress\/?page_id=49"},"modified":"2015-04-08T09:46:58","modified_gmt":"2015-04-08T09:46:58","slug":"carteleria","status":"publish","type":"page","link":"https:\/\/rotuloslarrea.es\/?page_id=49","title":{"rendered":"Carteler\u00eda"},"content":{"rendered":"<div aria-live=\"polite\" id=\"soliloquy-container-255\" class=\"soliloquy-container soliloquy-transition-fade  soliloquy-theme-base\" style=\"max-width:960px;max-height:300px;\"><ul id=\"soliloquy-255\" class=\"soliloquy-slider soliloquy-slides soliloquy-wrap soliloquy-clear\"><li aria-hidden=\"true\" class=\"soliloquy-item soliloquy-item-1 soliloquy-image-slide\" draggable=\"false\" style=\"list-style:none\"><img decoding=\"async\" id=\"soliloquy-image-351\" class=\"soliloquy-image soliloquy-image-1\" src=\"https:\/\/rotuloslarrea.es\/wp-content\/uploads\/2015\/03\/CARTELERIA-12-960x300_c.jpg\" alt=\"CARTELERIA 1\" \/><\/li><li aria-hidden=\"true\" class=\"soliloquy-item soliloquy-item-2 soliloquy-image-slide\" draggable=\"false\" style=\"list-style:none\"><img decoding=\"async\" id=\"soliloquy-image-354\" class=\"soliloquy-image soliloquy-image-2\" src=\"https:\/\/rotuloslarrea.es\/wp-content\/uploads\/2015\/03\/CARTELERIA-22-960x300_c.jpg\" alt=\"CARTELERIA 2\" \/><\/li><li aria-hidden=\"true\" class=\"soliloquy-item soliloquy-item-3 soliloquy-image-slide\" draggable=\"false\" style=\"list-style:none\"><img decoding=\"async\" id=\"soliloquy-image-355\" class=\"soliloquy-image soliloquy-image-3\" src=\"https:\/\/rotuloslarrea.es\/wp-content\/uploads\/2015\/03\/CARTELERIA-3-960x300_c.jpg\" alt=\"CARTELERIA 3\" \/><\/li><li aria-hidden=\"true\" class=\"soliloquy-item soliloquy-item-4 soliloquy-image-slide\" draggable=\"false\" style=\"list-style:none\"><img decoding=\"async\" id=\"soliloquy-image-356\" class=\"soliloquy-image soliloquy-image-4\" src=\"https:\/\/rotuloslarrea.es\/wp-content\/uploads\/2015\/03\/CARTELERIA-4-960x300_c.jpg\" alt=\"CARTELERIA 4\" \/><\/li><\/ul><\/div><noscript><style type=\"text\/css\">#soliloquy-container-255{opacity:1}<\/style><\/noscript>\n<p>&nbsp;<\/p>\n<p>En R\u00f3tulos Larrea contamos con una amplia experiencia profesional. Nuestro objetivo es proporcionar a tu negocio de los medios adecuados para facilitar su desarrollo y proyecci\u00f3n. Elaboramos todo tipo de carteles: carteles luminosos, carteles opacos,vayas sobre un gran abanico de supercies. Adem\u00e1s, fabricamos letras corp\u00f3reas con el material que usted desee: acero, madera, PVC, etc&#8230; <\/p>\n<p>&nbsp;<\/p>\n","protected":false},"excerpt":{"rendered":"<p>&nbsp; En R\u00f3tulos Larrea contamos con una amplia experiencia profesional. Nuestro objetivo es proporcionar a tu negocio de los medios adecuados para facilitar su desarrollo y proyecci\u00f3n. Elaboramos todo tipo de carteles: carteles luminosos, carteles opacos,vayas sobre un gran abanico de supercies. Adem\u00e1s, fabricamos letras corp\u00f3reas con el material que usted desee: acero, madera, PVC,<\/p>\n<p><a href=\"https:\/\/rotuloslarrea.es\/?page_id=49\" class=\"more-link themebutton\">Read More<\/a><\/p>\n","protected":false},"author":1,"featured_media":0,"parent":0,"menu_order":0,"comment_status":"closed","ping_status":"closed","template":"","meta":{"ngg_post_thumbnail":0,"footnotes":""},"_links":{"self":[{"href":"https:\/\/rotuloslarrea.es\/index.php?rest_route=\/wp\/v2\/pages\/49"}],"collection":[{"href":"https:\/\/rotuloslarrea.es\/index.php?rest_route=\/wp\/v2\/pages"}],"about":[{"href":"https:\/\/rotuloslarrea.es\/index.php?rest_route=\/wp\/v2\/types\/page"}],"author":[{"embeddable":true,"href":"https:\/\/rotuloslarrea.es\/index.php?rest_route=\/wp\/v2\/users\/1"}],"replies":[{"embeddable":true,"href":"https:\/\/rotuloslarrea.es\/index.php?rest_route=%2Fwp%2Fv2%2Fcomments&post=49"}],"version-history":[{"count":11,"href":"https:\/\/rotuloslarrea.es\/index.php?rest_route=\/wp\/v2\/pages\/49\/revisions"}],"predecessor-version":[{"id":301,"href":"https:\/\/rotuloslarrea.es\/index.php?rest_route=\/wp\/v2\/pages\/49\/revisions\/301"}],"wp:attachment":[{"href":"https:\/\/rotuloslarrea.es\/index.php?rest_route=%2Fwp%2Fv2%2Fmedia&parent=49"}],"curies":[{"name":"wp","href":"https:\/\/api.w.org\/{rel}","templated":true}]}}