{"id":61,"date":"2015-03-24T09:33:47","date_gmt":"2015-03-24T09:33:47","guid":{"rendered":"http:\/\/localhost\/wordpress-4.1.1\/wordpress\/?page_id=61"},"modified":"2015-04-09T08:37:27","modified_gmt":"2015-04-09T08:37:27","slug":"escaparates","status":"publish","type":"page","link":"https:\/\/rotuloslarrea.es\/?page_id=61","title":{"rendered":"Escaparates"},"content":{"rendered":"<div aria-live=\"polite\" id=\"soliloquy-container-260\" class=\"soliloquy-container soliloquy-transition-fade  soliloquy-theme-base\" style=\"max-width:960px;max-height:300px;\"><ul id=\"soliloquy-260\" class=\"soliloquy-slider soliloquy-slides soliloquy-wrap soliloquy-clear\"><li aria-hidden=\"true\" class=\"soliloquy-item soliloquy-item-1 soliloquy-image-slide\" draggable=\"false\" style=\"list-style:none\"><img decoding=\"async\" id=\"soliloquy-image-357\" class=\"soliloquy-image soliloquy-image-1\" src=\"https:\/\/rotuloslarrea.es\/wp-content\/uploads\/2015\/03\/ESCAPARATES-1-960x300_c.jpg\" alt=\"ESCAPARATES 1\" \/><\/li><li aria-hidden=\"true\" class=\"soliloquy-item soliloquy-item-2 soliloquy-image-slide\" draggable=\"false\" style=\"list-style:none\"><img decoding=\"async\" id=\"soliloquy-image-358\" class=\"soliloquy-image soliloquy-image-2\" src=\"https:\/\/rotuloslarrea.es\/wp-content\/uploads\/2015\/03\/ESCAPARATE2-960x300_c.jpg\" alt=\"ESCAPARATE2\" \/><\/li><li aria-hidden=\"true\" class=\"soliloquy-item soliloquy-item-3 soliloquy-image-slide\" draggable=\"false\" style=\"list-style:none\"><img decoding=\"async\" id=\"soliloquy-image-359\" class=\"soliloquy-image soliloquy-image-3\" src=\"https:\/\/rotuloslarrea.es\/wp-content\/uploads\/2015\/03\/ESCAPARATES-3-960x300_c.jpg\" alt=\"ESCAPARATES 3\" \/><\/li><\/ul><\/div><noscript><style type=\"text\/css\">#soliloquy-container-260{opacity:1}<\/style><\/noscript>\n<p><\/br><\/p>\n<p>Dotamos a sus escaparates de una personalidad \u00fanica. Trabajamos con distintas t\u00e9cnicas de decoraci\u00f3n, entre las que destacan el vidrio \u00e1cido, el vidrio transl\u00facido y la imitaci\u00f3n de vidrieras.   <\/p>\n<p>&nbsp;<\/p>\n","protected":false},"excerpt":{"rendered":"<p>Dotamos a sus escaparates de una personalidad \u00fanica. Trabajamos con distintas t\u00e9cnicas de decoraci\u00f3n, entre las que destacan el vidrio \u00e1cido, el vidrio transl\u00facido y la imitaci\u00f3n de vidrieras. &nbsp;<\/p>\n","protected":false},"author":1,"featured_media":0,"parent":0,"menu_order":0,"comment_status":"closed","ping_status":"closed","template":"","meta":{"ngg_post_thumbnail":0,"footnotes":""},"_links":{"self":[{"href":"https:\/\/rotuloslarrea.es\/index.php?rest_route=\/wp\/v2\/pages\/61"}],"collection":[{"href":"https:\/\/rotuloslarrea.es\/index.php?rest_route=\/wp\/v2\/pages"}],"about":[{"href":"https:\/\/rotuloslarrea.es\/index.php?rest_route=\/wp\/v2\/types\/page"}],"author":[{"embeddable":true,"href":"https:\/\/rotuloslarrea.es\/index.php?rest_route=\/wp\/v2\/users\/1"}],"replies":[{"embeddable":true,"href":"https:\/\/rotuloslarrea.es\/index.php?rest_route=%2Fwp%2Fv2%2Fcomments&post=61"}],"version-history":[{"count":9,"href":"https:\/\/rotuloslarrea.es\/index.php?rest_route=\/wp\/v2\/pages\/61\/revisions"}],"predecessor-version":[{"id":314,"href":"https:\/\/rotuloslarrea.es\/index.php?rest_route=\/wp\/v2\/pages\/61\/revisions\/314"}],"wp:attachment":[{"href":"https:\/\/rotuloslarrea.es\/index.php?rest_route=%2Fwp%2Fv2%2Fmedia&parent=61"}],"curies":[{"name":"wp","href":"https:\/\/api.w.org\/{rel}","templated":true}]}}