{"id":63,"date":"2015-03-24T09:34:12","date_gmt":"2015-03-24T09:34:12","guid":{"rendered":"http:\/\/localhost\/wordpress-4.1.1\/wordpress\/?page_id=63"},"modified":"2015-04-09T08:37:56","modified_gmt":"2015-04-09T08:37:56","slug":"muebles-e-imitaciones","status":"publish","type":"page","link":"https:\/\/rotuloslarrea.es\/?page_id=63","title":{"rendered":"Muebles e Imitaciones"},"content":{"rendered":"<div aria-live=\"polite\" id=\"soliloquy-container-124\" class=\"soliloquy-container soliloquy-transition-fade  soliloquy-theme-base\" style=\"max-width:960px;max-height:300px;\"><ul id=\"soliloquy-124\" class=\"soliloquy-slider soliloquy-slides soliloquy-wrap soliloquy-clear\"><li aria-hidden=\"true\" class=\"soliloquy-item soliloquy-item-1 soliloquy-image-slide\" draggable=\"false\" style=\"list-style:none\"><img decoding=\"async\" id=\"soliloquy-image-361\" class=\"soliloquy-image soliloquy-image-1\" src=\"https:\/\/rotuloslarrea.es\/wp-content\/uploads\/2015\/03\/MUEBLESIMITACIONES1-960x300_c.jpg\" alt=\"MUEBLESIMITACIONES1\" \/><\/li><li aria-hidden=\"true\" class=\"soliloquy-item soliloquy-item-2 soliloquy-image-slide\" draggable=\"false\" style=\"list-style:none\"><img decoding=\"async\" id=\"soliloquy-image-362\" class=\"soliloquy-image soliloquy-image-2\" src=\"https:\/\/rotuloslarrea.es\/wp-content\/uploads\/2015\/03\/MUEBLESIMITACIONES2-960x300_c.jpg\" alt=\"MUEBLESIMITACIONES2\" \/><\/li><li aria-hidden=\"true\" class=\"soliloquy-item soliloquy-item-3 soliloquy-image-slide\" draggable=\"false\" style=\"list-style:none\"><img decoding=\"async\" id=\"soliloquy-image-363\" class=\"soliloquy-image soliloquy-image-3\" src=\"https:\/\/rotuloslarrea.es\/wp-content\/uploads\/2015\/03\/MUEBLESIMITACIONES3-960x300_c.jpg\" alt=\"MUEBLESIMITACIONES3\" \/><\/li><\/ul><\/div><noscript><style type=\"text\/css\">#soliloquy-container-124{opacity:1}<\/style><\/noscript>\n<p><\/br><\/p>\n<p>Realizamos pintura art\u00edstica en muebles e imitaciones, elaborados con una gran variedad de materiales. Para ello, utilizamos distintas t\u00e9cnicas, como la aerograf\u00eda.  <\/p>\n<p>&nbsp;<\/p>\n","protected":false},"excerpt":{"rendered":"<p>Realizamos pintura art\u00edstica en muebles e imitaciones, elaborados con una gran variedad de materiales. Para ello, utilizamos distintas t\u00e9cnicas, como la aerograf\u00eda. &nbsp;<\/p>\n","protected":false},"author":1,"featured_media":0,"parent":0,"menu_order":0,"comment_status":"closed","ping_status":"closed","template":"","meta":{"ngg_post_thumbnail":0,"footnotes":""},"_links":{"self":[{"href":"https:\/\/rotuloslarrea.es\/index.php?rest_route=\/wp\/v2\/pages\/63"}],"collection":[{"href":"https:\/\/rotuloslarrea.es\/index.php?rest_route=\/wp\/v2\/pages"}],"about":[{"href":"https:\/\/rotuloslarrea.es\/index.php?rest_route=\/wp\/v2\/types\/page"}],"author":[{"embeddable":true,"href":"https:\/\/rotuloslarrea.es\/index.php?rest_route=\/wp\/v2\/users\/1"}],"replies":[{"embeddable":true,"href":"https:\/\/rotuloslarrea.es\/index.php?rest_route=%2Fwp%2Fv2%2Fcomments&post=63"}],"version-history":[{"count":9,"href":"https:\/\/rotuloslarrea.es\/index.php?rest_route=\/wp\/v2\/pages\/63\/revisions"}],"predecessor-version":[{"id":315,"href":"https:\/\/rotuloslarrea.es\/index.php?rest_route=\/wp\/v2\/pages\/63\/revisions\/315"}],"wp:attachment":[{"href":"https:\/\/rotuloslarrea.es\/index.php?rest_route=%2Fwp%2Fv2%2Fmedia&parent=63"}],"curies":[{"name":"wp","href":"https:\/\/api.w.org\/{rel}","templated":true}]}}