{"id":65,"date":"2015-03-24T09:34:39","date_gmt":"2015-03-24T09:34:39","guid":{"rendered":"http:\/\/localhost\/wordpress-4.1.1\/wordpress\/?page_id=65"},"modified":"2015-04-09T08:38:22","modified_gmt":"2015-04-09T08:38:22","slug":"naves-fachadas-y-portones","status":"publish","type":"page","link":"https:\/\/rotuloslarrea.es\/?page_id=65","title":{"rendered":"Naves, Fachadas y Portones"},"content":{"rendered":"<div aria-live=\"polite\" id=\"soliloquy-container-129\" class=\"soliloquy-container soliloquy-transition-fade  soliloquy-theme-base\" style=\"max-width:960px;max-height:300px;\"><ul id=\"soliloquy-129\" class=\"soliloquy-slider soliloquy-slides soliloquy-wrap soliloquy-clear\"><li aria-hidden=\"true\" class=\"soliloquy-item soliloquy-item-1 soliloquy-image-slide\" draggable=\"false\" style=\"list-style:none\"><img decoding=\"async\" id=\"soliloquy-image-364\" class=\"soliloquy-image soliloquy-image-1\" src=\"https:\/\/rotuloslarrea.es\/wp-content\/uploads\/2015\/03\/NAVESYFACHADAS-960x300_c.jpg\" alt=\"NAVESYFACHADAS\" \/><\/li><li aria-hidden=\"true\" class=\"soliloquy-item soliloquy-item-2 soliloquy-image-slide\" draggable=\"false\" style=\"list-style:none\"><img decoding=\"async\" id=\"soliloquy-image-365\" class=\"soliloquy-image soliloquy-image-2\" src=\"https:\/\/rotuloslarrea.es\/wp-content\/uploads\/2015\/03\/NAVESFACHADAS1-960x300_c.jpg\" alt=\"NAVESFACHADAS1\" \/><\/li><li aria-hidden=\"true\" class=\"soliloquy-item soliloquy-item-3 soliloquy-image-slide\" draggable=\"false\" style=\"list-style:none\"><img decoding=\"async\" id=\"soliloquy-image-366\" class=\"soliloquy-image soliloquy-image-3\" src=\"https:\/\/rotuloslarrea.es\/wp-content\/uploads\/2015\/03\/NAVESFACHADA2-960x300_c.jpg\" alt=\"NAVESFACHADA2\" \/><\/li><li aria-hidden=\"true\" class=\"soliloquy-item soliloquy-item-4 soliloquy-image-slide\" draggable=\"false\" style=\"list-style:none\"><img decoding=\"async\" id=\"soliloquy-image-367\" class=\"soliloquy-image soliloquy-image-4\" src=\"https:\/\/rotuloslarrea.es\/wp-content\/uploads\/2015\/03\/NAVESFACHADAS4-960x300_c.jpg\" alt=\"NAVESFACHADAS4\" \/><\/li><\/ul><\/div><noscript><style type=\"text\/css\">#soliloquy-container-129{opacity:1}<\/style><\/noscript>\n<p><\/br><\/p>\n<p>Trabajamos sobre cualquier tipo de superficie y elaboramos todo tipo de rotulos: publicitarios, murales, art\u00edsticos, etc&#8230; para hacer realidad la imagen de su empresa, ya sea con un proyecto o dise\u00f1o nuestro o con un dise\u00f1o o proyecto ajeno. <\/p>\n<p>&nbsp;<\/p>\n","protected":false},"excerpt":{"rendered":"<p>Trabajamos sobre cualquier tipo de superficie y elaboramos todo tipo de rotulos: publicitarios, murales, art\u00edsticos, etc&#8230; para hacer realidad la imagen de su empresa, ya sea con un proyecto o dise\u00f1o nuestro o con un dise\u00f1o o proyecto ajeno. &nbsp;<\/p>\n","protected":false},"author":1,"featured_media":0,"parent":0,"menu_order":0,"comment_status":"closed","ping_status":"closed","template":"","meta":{"ngg_post_thumbnail":0,"footnotes":""},"_links":{"self":[{"href":"https:\/\/rotuloslarrea.es\/index.php?rest_route=\/wp\/v2\/pages\/65"}],"collection":[{"href":"https:\/\/rotuloslarrea.es\/index.php?rest_route=\/wp\/v2\/pages"}],"about":[{"href":"https:\/\/rotuloslarrea.es\/index.php?rest_route=\/wp\/v2\/types\/page"}],"author":[{"embeddable":true,"href":"https:\/\/rotuloslarrea.es\/index.php?rest_route=\/wp\/v2\/users\/1"}],"replies":[{"embeddable":true,"href":"https:\/\/rotuloslarrea.es\/index.php?rest_route=%2Fwp%2Fv2%2Fcomments&post=65"}],"version-history":[{"count":7,"href":"https:\/\/rotuloslarrea.es\/index.php?rest_route=\/wp\/v2\/pages\/65\/revisions"}],"predecessor-version":[{"id":316,"href":"https:\/\/rotuloslarrea.es\/index.php?rest_route=\/wp\/v2\/pages\/65\/revisions\/316"}],"wp:attachment":[{"href":"https:\/\/rotuloslarrea.es\/index.php?rest_route=%2Fwp%2Fv2%2Fmedia&parent=65"}],"curies":[{"name":"wp","href":"https:\/\/api.w.org\/{rel}","templated":true}]}}