{"id":67,"date":"2015-03-24T09:35:03","date_gmt":"2015-03-24T09:35:03","guid":{"rendered":"http:\/\/localhost\/wordpress-4.1.1\/wordpress\/?page_id=67"},"modified":"2015-04-08T11:48:10","modified_gmt":"2015-04-08T11:48:10","slug":"vehiculos","status":"publish","type":"page","link":"https:\/\/rotuloslarrea.es\/?page_id=67","title":{"rendered":"Veh\u00edculos"},"content":{"rendered":"<div aria-live=\"polite\" id=\"soliloquy-container-137\" class=\"soliloquy-container soliloquy-transition-fade  soliloquy-theme-base\" style=\"max-width:960px;max-height:300px;\"><ul id=\"soliloquy-137\" class=\"soliloquy-slider soliloquy-slides soliloquy-wrap soliloquy-clear\"><li aria-hidden=\"true\" class=\"soliloquy-item soliloquy-item-1 soliloquy-image-slide\" draggable=\"false\" style=\"list-style:none\"><img decoding=\"async\" id=\"soliloquy-image-368\" class=\"soliloquy-image soliloquy-image-1\" src=\"https:\/\/rotuloslarrea.es\/wp-content\/uploads\/2015\/03\/VEHICULOS-960x300_c.jpg\" alt=\"VEHICULOS\" \/><\/li><\/ul><\/div><noscript><style type=\"text\/css\">#soliloquy-container-137{opacity:1}<\/style><\/noscript>\n<p><\/br><\/p>\n<p>Elaboramos r\u00f3tulos para cualquier tipo de veh\u00edculo y con distintos fines, desde veh\u00edculos particulares, pasando por veh\u00edculos industriales hasta veh\u00edculos deportivos.  <\/p>\n","protected":false},"excerpt":{"rendered":"<p>Elaboramos r\u00f3tulos para cualquier tipo de veh\u00edculo y con distintos fines, desde veh\u00edculos particulares, pasando por veh\u00edculos industriales hasta veh\u00edculos deportivos.<\/p>\n","protected":false},"author":1,"featured_media":0,"parent":0,"menu_order":0,"comment_status":"closed","ping_status":"closed","template":"","meta":{"ngg_post_thumbnail":0,"footnotes":""},"_links":{"self":[{"href":"https:\/\/rotuloslarrea.es\/index.php?rest_route=\/wp\/v2\/pages\/67"}],"collection":[{"href":"https:\/\/rotuloslarrea.es\/index.php?rest_route=\/wp\/v2\/pages"}],"about":[{"href":"https:\/\/rotuloslarrea.es\/index.php?rest_route=\/wp\/v2\/types\/page"}],"author":[{"embeddable":true,"href":"https:\/\/rotuloslarrea.es\/index.php?rest_route=\/wp\/v2\/users\/1"}],"replies":[{"embeddable":true,"href":"https:\/\/rotuloslarrea.es\/index.php?rest_route=%2Fwp%2Fv2%2Fcomments&post=67"}],"version-history":[{"count":7,"href":"https:\/\/rotuloslarrea.es\/index.php?rest_route=\/wp\/v2\/pages\/67\/revisions"}],"predecessor-version":[{"id":195,"href":"https:\/\/rotuloslarrea.es\/index.php?rest_route=\/wp\/v2\/pages\/67\/revisions\/195"}],"wp:attachment":[{"href":"https:\/\/rotuloslarrea.es\/index.php?rest_route=%2Fwp%2Fv2%2Fmedia&parent=67"}],"curies":[{"name":"wp","href":"https:\/\/api.w.org\/{rel}","templated":true}]}}